{"id":98,"date":"2019-06-18T12:41:10","date_gmt":"2019-06-18T12:41:10","guid":{"rendered":"https:\/\/abigacoffee.com\/?page_id=98"},"modified":"2020-07-04T20:21:25","modified_gmt":"2020-07-04T20:21:25","slug":"over-ons-abiga-coffee","status":"publish","type":"page","link":"https:\/\/abigacoffee.com\/nl\/over-ons-abiga-coffee\/","title":{"rendered":"Our story | Abiga coffee"},"content":{"rendered":"<div class=\"fusion-fullwidth fullwidth-box nonhundred-percent-fullwidth non-hundred-percent-height-scrolling\"  style='background-color: rgba(255,255,255,0);background-position: center center;background-repeat: no-repeat;padding-top:0px;padding-right:0px;padding-bottom:0px;padding-left:0px;'><div class=\"fusion-builder-row fusion-row\"><div  class=\"fusion-layout-column fusion_builder_column fusion_builder_column_1_1 fusion-builder-column-1 fusion-one-full fusion-column-first fusion-column-last 1_1\"  style='margin-top:0px;margin-bottom:20px;'>\n\t\t\t\t\t<div class=\"fusion-column-wrapper\" style=\"padding: 0px 0px 0px 0px;background-position:left top;background-repeat:no-repeat;-webkit-background-size:cover;-moz-background-size:cover;-o-background-size:cover;background-size:cover;\"   data-bg-url=\"\">\n\t\t\t\t\t\t<div class=\"fusion-title title fusion-title-1 fusion-title-center fusion-title-size-two\" style=\"font-size:40px;margin-top:0px;margin-bottom:31px;\"><div class=\"title-sep-container title-sep-container-left\"><div class=\"title-sep sep-double sep-solid\" style=\"border-color:#e0dede;\"><\/div><\/div><h2 class=\"title-heading-center\" style=\"margin:0;font-size:1em;\">Over ons<\/h2><div class=\"title-sep-container title-sep-container-right\"><div class=\"title-sep sep-double sep-solid\" style=\"border-color:#e0dede;\"><\/div><\/div><\/div><div class=\"fusion-text\"><p class=\"font_8\">Koffie is een passie in het dorp waar ik ben opgegroeid \u201cAdiquita\u201d. Adiquita is een klein dorpje in het zuiden van Eritrea. Ook al was ik nog te jong om koffie te mogen drinken, ik was zo dol op de jasmijngeur van Ethiopische groene koffiebonen, dat wanneer mijn moeder mij vroeg om koffie te kopen in de winkel, ik de hele weg naar huis met de groene koffiebonen in mijn handen aan de koffie rook. Dit is een heerlijke en onvergetelijke herinnering aan mijn kindertijd. Pas tegen de tijd dat ik 13 was, mocht ik gelukkig eindelijk koffie drinken.<\/p>\n<p class=\"font_8\">Wat mij als kind verboden was, mocht nu wel. Dit was het meest gelukkige moment in mijn jeugd. Stel je voor elke dag 5 tot 6 kopjes koffie drinken met mijn familie. Het was een hele ceremonie waarbij mijn moeder de koffie brandde. Dit met mijn vader, 3 broers en 3 zussen rond het vuurtje in de kamer. Het hele huis rook naar warme koffie. Koffie drinken, kletsen in groepjes met de buren en vrienden, wat was dat mooi. Ik was vanaf die dag af verliefd op koffie en ik drink het waar ter wereld ik ook ben. Toen ik naar Nederland kwam was er overal koffie te koop, maar ik kon de lekkere smaak en de geur die wij thuis proefden en roken nergens vinden. De frisse en volle smaak, die langer in mijn mond bleef zitten. Ik begon er overal naar opzoek te gaan.<\/p>\n<p class=\"font_8\">De koffie die ik hier in Nederland dronk smaakte altijd verschillend. Wat ik mij toen pas realiseerde was dat de meeste koffie een mix is van Robusta en Arabica koffie. Wat wij vroeger thuis dronken was 100% Arabica koffie. Ik kwam toen tot de conclusie dat ik 100% Arabica-koffie van de kleine boeren moest gaan importeren om de goede kwaliteit koffie te krijgen. Ik ging op reis naar Afrika om de goede bonen te zoeken bij verschillende koffieboeren in o.a. Ethiopi\u00eb, Kenia en Rwanda. Dit was zeer leerzaam en ik ontdekte daar diverse mooie koffieplantages. De bonen oogst van 2017 werd eind september van dat jaar van Ethiopi\u00eb naar Nederland ge\u00efmporteerd. Toen konden mijn klanten en ik eindelijk de koffie drinken waar wij zo van houden 100% Arabica bonen en van \u00e9\u00e9n origine. Mijn bedrijf welke in 2016 in Naarden was opgericht kwam tot bloei.<\/p>\n<\/div><div class=\"fusion-clearfix\"><\/div>\n\n\t\t\t\t\t<\/div>\n\t\t\t\t<\/div><div  class=\"fusion-layout-column fusion_builder_column fusion_builder_column_1_2 fusion-builder-column-2 fusion-one-half fusion-column-first 1_2\"  style='margin-top:0px;margin-bottom:20px;width:50%;width:calc(50% - ( ( 4% ) * 0.5 ) );margin-right: 4%;'>\n\t\t\t\t\t<div class=\"fusion-column-wrapper\" style=\"padding: 0px 0px 0px 0px;background-position:left top;background-repeat:no-repeat;-webkit-background-size:cover;-moz-background-size:cover;-o-background-size:cover;background-size:cover;\"   data-bg-url=\"\">\n\t\t\t\t\t\t<div class=\"fusion-sep-clear\"><\/div><div class=\"fusion-separator fusion-full-width-sep sep-none\" style=\"margin-left: auto;margin-right: auto;margin-top:15px;\"><\/div><span class=\"fusion-imageframe imageframe-none imageframe-1 hover-type-none\"><img loading=\"lazy\" decoding=\"async\" src=\"https:\/\/abigacoffee.com\/wp-content\/uploads\/2020\/07\/8Z1A0137_2020-05-08-19-48-05-scaled.jpg\" width=\"2560\" height=\"1707\" alt=\"\" title=\"8Z1A0137_2020-05-08 19-48-05\" class=\"img-responsive wp-image-7954\" srcset=\"https:\/\/abigacoffee.com\/wp-content\/uploads\/2020\/07\/8Z1A0137_2020-05-08-19-48-05-200x133.jpg 200w, https:\/\/abigacoffee.com\/wp-content\/uploads\/2020\/07\/8Z1A0137_2020-05-08-19-48-05-400x267.jpg 400w, https:\/\/abigacoffee.com\/wp-content\/uploads\/2020\/07\/8Z1A0137_2020-05-08-19-48-05-600x400.jpg 600w, https:\/\/abigacoffee.com\/wp-content\/uploads\/2020\/07\/8Z1A0137_2020-05-08-19-48-05-800x533.jpg 800w, https:\/\/abigacoffee.com\/wp-content\/uploads\/2020\/07\/8Z1A0137_2020-05-08-19-48-05-1200x800.jpg 1200w, https:\/\/abigacoffee.com\/wp-content\/uploads\/2020\/07\/8Z1A0137_2020-05-08-19-48-05-scaled.jpg 2560w\" sizes=\"auto, (max-width: 1103px) 100vw, 2560px\" \/><\/span><div class=\"fusion-clearfix\"><\/div>\n\n\t\t\t\t\t<\/div>\n\t\t\t\t<\/div><div  class=\"fusion-layout-column fusion_builder_column fusion_builder_column_1_2 fusion-builder-column-3 fusion-one-half fusion-column-last 1_2\"  style='margin-top:0px;margin-bottom:20px;width:50%;width:calc(50% - ( ( 4% ) * 0.5 ) );'>\n\t\t\t\t\t<div class=\"fusion-column-wrapper\" style=\"padding: 0px 0px 0px 0px;background-position:left top;background-repeat:no-repeat;-webkit-background-size:cover;-moz-background-size:cover;-o-background-size:cover;background-size:cover;\"   data-bg-url=\"\">\n\t\t\t\t\t\t<div class=\"fusion-title title fusion-title-2 fusion-title-size-two\" style=\"font-size:40px;margin-top:0px;margin-bottom:31px;\"><h2 class=\"title-heading-left\" style=\"margin:0;font-size:1em;\">MISSIE<\/h2><div class=\"title-sep-container\"><div class=\"title-sep sep-double sep-solid\" style=\"border-color:#e0dede;\"><\/div><\/div><\/div><div class=\"fusion-text\"><p class=\"font_8\">Mijn missie is om de koffieboeren uit Ethiopie en de Nederlandse koffieliefhebbers bij elkaar te brengen via directe en eerlijke handel.[Fair trade]<\/p>\n<p class=\"font_8\">Ik wil transparantie tussen alle partijen, zodat de koffieboer weet wie hun koffie drinkt en eerlijke feedback krijgt en voor de Nederlandse consument waar de koffie vandaan komt, wie de koffieboeren zijn en hoeveel ze betaald krijgen voor hun product. Verder kunnen ge\u00efnteresseerde consumenten en bedrijven de kleine koffieboeren ondersteunen om hun product op natuurlijke wijze en op een\nmilieuvriendelijke manier te verbouwen met de medewerking van Abiga International en andere organisaties.<\/p>\n<p class=\"font_8\">Voor de koffieliefhebbers om de beste smaak en kwaliteit koffie te kunnen drinken voor een eerlijke prijs. Consumenten de informatie te verstrekken om de koffiecultuur van de bonen te begrijpen. Te informeren hoe de bonen zelf thuis te kunnen branden om verse koffie te kunnen bereiden. Uitleg te geven van de diverse koffietypes en smaak- en kwaliteitsverschillen. Zodat de koffieliefhebbers de juiste koffie naar hun eigen smaak kunnen kiezen.<\/p>\n<\/div><div class=\"fusion-clearfix\"><\/div>\n\n\t\t\t\t\t<\/div>\n\t\t\t\t<\/div><\/div><\/div>","protected":false},"excerpt":{"rendered":"","protected":false},"author":1,"featured_media":0,"parent":0,"menu_order":0,"comment_status":"closed","ping_status":"closed","template":"","meta":{"footnotes":""},"class_list":["post-98","page","type-page","status-publish","hentry"],"_links":{"self":[{"href":"https:\/\/abigacoffee.com\/nl\/wp-json\/wp\/v2\/pages\/98","targetHints":{"allow":["GET"]}}],"collection":[{"href":"https:\/\/abigacoffee.com\/nl\/wp-json\/wp\/v2\/pages"}],"about":[{"href":"https:\/\/abigacoffee.com\/nl\/wp-json\/wp\/v2\/types\/page"}],"author":[{"embeddable":true,"href":"https:\/\/abigacoffee.com\/nl\/wp-json\/wp\/v2\/users\/1"}],"replies":[{"embeddable":true,"href":"https:\/\/abigacoffee.com\/nl\/wp-json\/wp\/v2\/comments?post=98"}],"version-history":[{"count":11,"href":"https:\/\/abigacoffee.com\/nl\/wp-json\/wp\/v2\/pages\/98\/revisions"}],"predecessor-version":[{"id":7955,"href":"https:\/\/abigacoffee.com\/nl\/wp-json\/wp\/v2\/pages\/98\/revisions\/7955"}],"wp:attachment":[{"href":"https:\/\/abigacoffee.com\/nl\/wp-json\/wp\/v2\/media?parent=98"}],"curies":[{"name":"wp","href":"https:\/\/api.w.org\/{rel}","templated":true}]}}